{"id":654,"date":"2020-01-08T18:31:58","date_gmt":"2020-01-08T17:31:58","guid":{"rendered":"https:\/\/solargygroup.com\/?page_id=654"},"modified":"2020-01-09T12:03:52","modified_gmt":"2020-01-09T11:03:52","slug":"cookies","status":"publish","type":"page","link":"https:\/\/solargygroup.com\/?page_id=654","title":{"rendered":"Cookies"},"content":{"rendered":"\t\t<div data-elementor-type=\"wp-page\" data-elementor-id=\"654\" class=\"elementor elementor-654\">\n\t\t\t\t\t\t<section class=\"elementor-section elementor-top-section elementor-element elementor-element-7f5a1f70 elementor-section-boxed elementor-section-height-default elementor-section-height-default\" data-id=\"7f5a1f70\" data-element_type=\"section\">\n\t\t\t\t\t\t<div class=\"elementor-container elementor-column-gap-default\">\n\t\t\t\t\t<div class=\"elementor-column elementor-col-100 elementor-top-column elementor-element elementor-element-2ab6b566\" data-id=\"2ab6b566\" data-element_type=\"column\">\n\t\t\t<div class=\"elementor-widget-wrap elementor-element-populated\">\n\t\t\t\t\t\t<div class=\"elementor-element elementor-element-6c905a elementor-widget elementor-widget-text-editor\" data-id=\"6c905a\" data-element_type=\"widget\" data-widget_type=\"text-editor.default\">\n\t\t\t\t<div class=\"elementor-widget-container\">\n\t\t\t\t\t\t\t\t\t<p><br \/><strong>Pol\u00edtica de cookies<\/strong><\/p>\n<p>La presente Pol\u00edtica de Cookies explica qu\u00e9 son las cookies, c\u00f3mo las emplea 65ymas.com en su sitio web y c\u00f3mo puede administrarlas el usuario.<\/p>\n<p><strong>1. \u00bfQu\u00e9 es una cookie?<\/strong><\/p>\n<p>Las cookies son peque\u00f1os ficheros de datos que se alojan en el ordenador del usuario y que contienen cierta informaci\u00f3n de la visita que el usuario hace al sitio web. La cookie es descargada por el dispositivo que usa para acceder al sitio web y almacenada en el disco duro de dicho dispositivo. Las cookies tienen diversas utilidades, entre ellas permitir que el sitio web reconozca su dispositivo cuando vuelva a visitarnos, asegurar que recibe el contenido correcto o guardar informaci\u00f3n con preferencias o servicios que el usuario nos haya proporcionado. Las cookies no da\u00f1an el dispositivo del usuario. En la presente pol\u00edtica de cookies utilizamos la palabra cookie para referirnos a todos los archivos que almacenan informaci\u00f3n de esta manera.<\/p>\n<p><strong>2. \u00bfUtilitzamos cookies?<\/strong><\/p>\n<p>Nuestro sitio web utiliza cookies con el fin de recoger datos con los que supervisar el uso y la utilidad de nuestro sitio web y obtener datos estad\u00edsticos y de seguridad. Las herramientas utilizadas para obtener estad\u00edsticas de uso del sitio web ofrecen la posibilidad de obtener un nivel de detalle cada vez m\u00e1s alto sobre el comportamiento de los visitantes y usuarios del sitio web, redundando en la mejora del mismo. Estos datos pueden recogerse, tratarse y conservarse asociados a una direcci\u00f3n IP o bien ser sometidos a un proceso de disociaci\u00f3n con el fin de obtener conclusiones basadas en datos totalmente an\u00f3nimos.<\/p>\n<p><strong>3. \u00bfQu\u00e9 tipo de cookies utilizamos?<\/strong><\/p>\n<p>Esta web utiliza tanto &#8216;cookies&#8217; temporales de sesi\u00f3n como &#8216;cookies&#8217; permanentes. Las &#8216;cookies&#8217; de sesi\u00f3n almacenan datos \u00fanicamente mientras el usuario accede a la web y las &#8216;cookies&#8217; permanentes almacenan los datos en el terminal para que sean accedidos y utilizados en m\u00e1s de una sesi\u00f3n.<\/p>\n<p>Seg\u00fan la finalidad para la que se traten los datos obtenidos a trav\u00e9s de las &#8216;cookies&#8217;, el web puede utilizar:<\/p>\n<p><strong>&#8216;Cookies&#8217; t\u00e9cnicas<\/strong><\/p>\n<p>Son aqu\u00e9llas que permiten al usuario la navegaci\u00f3n a trav\u00e9s de la p\u00e1gina web o aplicaci\u00f3n y la utilizaci\u00f3n de las diferentes opciones o servicios que en ella existen. Por ejemplo, controlar el tr\u00e1fico y la comunicaci\u00f3n de datos, identificar la sesi\u00f3n, acceder a las partes web de acceso restringido, recordar los elementos que integran un pedido, realizar la solicitud de inscripci\u00f3n o participaci\u00f3n en un evento, utilizar elementos de seguridad durante la navegaci\u00f3n y almacenar contenidos para la difusi\u00f3n de videos o sonido.<\/p>\n<p><strong>&#8216;Cookies&#8217; de personalizaci\u00f3n<\/strong><\/p>\n<p>Son aqu\u00e9llas que permiten al usuario acceder al servicio con algunas caracter\u00edsticas de car\u00e1cter general predefinidas en su terminal o que el propio usuario defina. Por ejemplo, el idioma, el tipo de navegador a trav\u00e9s del cual accede al servicio, el dise\u00f1o de contenidos seleccionado, geolocalizaci\u00f3n del terminal y la configuraci\u00f3n regional desde donde se accede al servicio.<\/p>\n<p><strong>&#8216;Cookies&#8217; publicitarias<\/strong><\/p>\n<p>Son aqu\u00e9llas que permiten la gesti\u00f3n eficaz de los espacios publicitarios que se han incluido en la p\u00e1gina web o aplicaci\u00f3n desde la que se presta el servicio. Permiten adecuar el contenido de la publicidad para que esta sea relevante para el usuario y para evitar mostrar anuncios que el usuario ya haya visto.<\/p>\n<p><strong>&#8216;Cookies&#8217; de an\u00e1lisis estad\u00edstico<\/strong><\/p>\n<p>Son aqu\u00e9llas que permiten realizar el seguimiento y an\u00e1lisis del comportamiento de los usuarios en los sitios web. La informaci\u00f3n recogida mediante este tipo de &#8216;cookies&#8217; se utiliza en la medici\u00f3n de la actividad de los sitios web, aplicaci\u00f3n o plataforma y para la elaboraci\u00f3n de perfiles de navegaci\u00f3n de los usuarios de dichos sitios, con el fin de introducir mejoras en el servicio en funci\u00f3n de los datos de uso que hacen los usuarios.<\/p>\n<p><strong>&#8216;Cookies&#8217; de terceros<\/strong><\/p>\n<p>En algunas p\u00e1ginas web se pueden instalar &#8216;cookies&#8217; de terceros que permiten gestionar y mejorar los servicios ofrecidos. Como por ejemplo, servicios estad\u00edsticos de Google Analytics y Comscore.<\/p>\n<p><strong>Consentimiento<\/strong><\/p>\n<p>Al navegar y continuar en nuestra p\u00e1gina web consientes el uso de las cookies descritas en las condiciones expresadas.<\/p>\n<p><strong>\u00bfC\u00f3mo deshabilitar y bloquear cookies?<\/strong><\/p>\n<p>Te informamos que, en cualquier caso, puedes deshabilitar o bloquear las cookies activando la configuraci\u00f3n de su navegador, permiti\u00e9ndole rechazar la instalaci\u00f3n de todas o alguna de las cookies. Si rechaza las cookies, podr\u00e1 seguir haciendo uso de nuestra web, aunque el uso de algunos de los servicios puede ser limitado y como consecuencia, su experiencia en nuestro Sitio Web menos satisfactoria.<\/p>\n<p><strong>\u00bfC\u00f3mo puedo retirar mi consentimiento?<\/strong><\/p>\n<p>Si desea retirar su consentimiento relacionado con la presente Pol\u00edtica de Cookies, deber\u00e1 eliminar las cookies almacenadas en su equipo a trav\u00e9s de los ajustes y configuraciones de su navegador de internet.<\/p>\n<p><strong>\u00bfC\u00f3mo administro y configuro las cookies?<\/strong><\/p>\n<p>Puede permitir, bloquear o eliminar las cookies instaladas en su equipo mediante la configuraci\u00f3n de las opciones del navegador instalado en tu ordenador. Para m\u00e1s informaci\u00f3n sobre c\u00f3mo ajustar sus configuraciones de cookies en los siguientes navegadores, le remitimos al enlace pertinente:<\/p>\n<p>Internet Explorer<br \/><a href=\"https:\/\/support.microsoft.com\/es-es\/help\/17442\/windows-internet-explorer-delete-manage-cookies\">https:\/\/support.microsoft.com\/es-es\/help\/17442\/windows-internet-explorer-delete-manage-cookies<\/a><\/p>\n<p>Firefox<br \/><a href=\"https:\/\/support.mozilla.org\/es\/kb\/habilitar-y-deshabilitar-cookies-sitios-web-rastrear-preferencias?redirectlocale=es&amp;redirectslug=habilitar-y-deshabilitar-cookies-que-los-sitios-we\">https:\/\/support.mozilla.org\/es\/kb\/habilitar-y-deshabilitar-cookies-sitios-web-rastrear-preferencias?redirectlocale=es&amp;redirectslug=habilitar-y-deshabilitar-cookies-que-los-sitios-we<\/a><\/p>\n<p>Chrome<br \/><a href=\"http:\/\/support.google.com\/chrome\/bin\/answer.py?hl=en&amp;answer=95647\">http:\/\/support.google.com\/chrome\/bin\/answer.py?hl=en&amp;answer=95647<\/a><\/p>\n<p>Safari<br \/><a href=\"https:\/\/support.apple.com\/kb\/PH19214?viewlocale=es_ES&amp;locale=es_ES\">https:\/\/support.apple.com\/kb\/PH19214?viewlocale=es_ES&amp;locale=es_ES<\/a><\/p>\n<p>Opera<br \/><a href=\"http:\/\/help.opera.com\/Windows\/11.50\/es-ES\/cookies.html\">http:\/\/help.opera.com\/Windows\/11.50\/es-ES\/cookies.html<\/a><br \/><br \/><strong>Cambios en la pol\u00edtica de cookies<\/strong><\/p>\n<p>Es posible que la presente Pol\u00edtica de Cookies est\u00e9 sujeta a cambios o modificaciones, por ello le recomendamos revisar esta pol\u00edtica cada vez que acceda a nuestro sitio web con el objetivo de estar adecuadamente informado sobre c\u00f3mo y para qu\u00e9 utilizamos las cookies.<\/p>\t\t\t\t\t\t\t\t<\/div>\n\t\t\t\t<\/div>\n\t\t\t\t\t<\/div>\n\t\t<\/div>\n\t\t\t\t\t<\/div>\n\t\t<\/section>\n\t\t\t\t<\/div>\n\t\t","protected":false},"excerpt":{"rendered":"<p>Pol\u00edtica de cookies La presente Pol\u00edtica de Cookies explica qu\u00e9 son las cookies, c\u00f3mo las emplea 65ymas.com en su sitio web y c\u00f3mo puede administrarlas el usuario. 1. \u00bfQu\u00e9 es una cookie? Las cookies son peque\u00f1os ficheros de datos que se alojan en el ordenador del usuario y que contienen cierta informaci\u00f3n de la visita [&hellip;]<\/p>\n","protected":false},"author":1,"featured_media":0,"parent":0,"menu_order":0,"comment_status":"closed","ping_status":"closed","template":"","meta":{"footnotes":""},"class_list":["post-654","page","type-page","status-publish","hentry"],"yoast_head":"<!-- This site is optimized with the Yoast SEO plugin v20.6 - https:\/\/yoast.com\/wordpress\/plugins\/seo\/ -->\n<title>Cookies - Solargy Group<\/title>\n<meta name=\"robots\" content=\"index, follow, max-snippet:-1, max-image-preview:large, max-video-preview:-1\" \/>\n<link rel=\"canonical\" href=\"https:\/\/solargygroup.com\/?page_id=654\" \/>\n<meta property=\"og:locale\" content=\"es_ES\" \/>\n<meta property=\"og:type\" content=\"article\" \/>\n<meta property=\"og:title\" content=\"Cookies - Solargy Group\" \/>\n<meta property=\"og:description\" content=\"Pol\u00edtica de cookies La presente Pol\u00edtica de Cookies explica qu\u00e9 son las cookies, c\u00f3mo las emplea 65ymas.com en su sitio web y c\u00f3mo puede administrarlas el usuario. 1. \u00bfQu\u00e9 es una cookie? Las cookies son peque\u00f1os ficheros de datos que se alojan en el ordenador del usuario y que contienen cierta informaci\u00f3n de la visita [&hellip;]\" \/>\n<meta property=\"og:url\" content=\"https:\/\/solargygroup.com\/?page_id=654\" \/>\n<meta property=\"og:site_name\" content=\"Solargy Group\" \/>\n<meta property=\"article:modified_time\" content=\"2020-01-09T11:03:52+00:00\" \/>\n<meta name=\"twitter:card\" content=\"summary_large_image\" \/>\n<meta name=\"twitter:label1\" content=\"Tiempo de lectura\" \/>\n\t<meta name=\"twitter:data1\" content=\"5 minutos\" \/>\n<script type=\"application\/ld+json\" class=\"yoast-schema-graph\">{\"@context\":\"https:\/\/schema.org\",\"@graph\":[{\"@type\":\"WebPage\",\"@id\":\"https:\/\/solargygroup.com\/?page_id=654\",\"url\":\"https:\/\/solargygroup.com\/?page_id=654\",\"name\":\"Cookies - Solargy Group\",\"isPartOf\":{\"@id\":\"https:\/\/solargygroup.com\/#website\"},\"datePublished\":\"2020-01-08T17:31:58+00:00\",\"dateModified\":\"2020-01-09T11:03:52+00:00\",\"breadcrumb\":{\"@id\":\"https:\/\/solargygroup.com\/?page_id=654#breadcrumb\"},\"inLanguage\":\"es\",\"potentialAction\":[{\"@type\":\"ReadAction\",\"target\":[\"https:\/\/solargygroup.com\/?page_id=654\"]}]},{\"@type\":\"BreadcrumbList\",\"@id\":\"https:\/\/solargygroup.com\/?page_id=654#breadcrumb\",\"itemListElement\":[{\"@type\":\"ListItem\",\"position\":1,\"name\":\"Portada\",\"item\":\"https:\/\/solargygroup.com\/\"},{\"@type\":\"ListItem\",\"position\":2,\"name\":\"Cookies\"}]},{\"@type\":\"WebSite\",\"@id\":\"https:\/\/solargygroup.com\/#website\",\"url\":\"https:\/\/solargygroup.com\/\",\"name\":\"Solargy Group\",\"description\":\"Asesor\u00eda Energ\u00e9tica para empresas\",\"publisher\":{\"@id\":\"https:\/\/solargygroup.com\/#organization\"},\"potentialAction\":[{\"@type\":\"SearchAction\",\"target\":{\"@type\":\"EntryPoint\",\"urlTemplate\":\"https:\/\/solargygroup.com\/?s={search_term_string}\"},\"query-input\":\"required name=search_term_string\"}],\"inLanguage\":\"es\"},{\"@type\":\"Organization\",\"@id\":\"https:\/\/solargygroup.com\/#organization\",\"name\":\"Solargy Group\",\"url\":\"https:\/\/solargygroup.com\/\",\"logo\":{\"@type\":\"ImageObject\",\"inLanguage\":\"es\",\"@id\":\"https:\/\/solargygroup.com\/#\/schema\/logo\/image\/\",\"url\":\"https:\/\/solargygroup.com\/wp-content\/uploads\/2019\/12\/SOLARGY-CONSULTING_800x174_png.jpg\",\"contentUrl\":\"https:\/\/solargygroup.com\/wp-content\/uploads\/2019\/12\/SOLARGY-CONSULTING_800x174_png.jpg\",\"width\":800,\"height\":174,\"caption\":\"Solargy Group\"},\"image\":{\"@id\":\"https:\/\/solargygroup.com\/#\/schema\/logo\/image\/\"}}]}<\/script>\n<!-- \/ Yoast SEO plugin. -->","yoast_head_json":{"title":"Cookies - Solargy Group","robots":{"index":"index","follow":"follow","max-snippet":"max-snippet:-1","max-image-preview":"max-image-preview:large","max-video-preview":"max-video-preview:-1"},"canonical":"https:\/\/solargygroup.com\/?page_id=654","og_locale":"es_ES","og_type":"article","og_title":"Cookies - Solargy Group","og_description":"Pol\u00edtica de cookies La presente Pol\u00edtica de Cookies explica qu\u00e9 son las cookies, c\u00f3mo las emplea 65ymas.com en su sitio web y c\u00f3mo puede administrarlas el usuario. 1. \u00bfQu\u00e9 es una cookie? Las cookies son peque\u00f1os ficheros de datos que se alojan en el ordenador del usuario y que contienen cierta informaci\u00f3n de la visita [&hellip;]","og_url":"https:\/\/solargygroup.com\/?page_id=654","og_site_name":"Solargy Group","article_modified_time":"2020-01-09T11:03:52+00:00","twitter_card":"summary_large_image","twitter_misc":{"Tiempo de lectura":"5 minutos"},"schema":{"@context":"https:\/\/schema.org","@graph":[{"@type":"WebPage","@id":"https:\/\/solargygroup.com\/?page_id=654","url":"https:\/\/solargygroup.com\/?page_id=654","name":"Cookies - Solargy Group","isPartOf":{"@id":"https:\/\/solargygroup.com\/#website"},"datePublished":"2020-01-08T17:31:58+00:00","dateModified":"2020-01-09T11:03:52+00:00","breadcrumb":{"@id":"https:\/\/solargygroup.com\/?page_id=654#breadcrumb"},"inLanguage":"es","potentialAction":[{"@type":"ReadAction","target":["https:\/\/solargygroup.com\/?page_id=654"]}]},{"@type":"BreadcrumbList","@id":"https:\/\/solargygroup.com\/?page_id=654#breadcrumb","itemListElement":[{"@type":"ListItem","position":1,"name":"Portada","item":"https:\/\/solargygroup.com\/"},{"@type":"ListItem","position":2,"name":"Cookies"}]},{"@type":"WebSite","@id":"https:\/\/solargygroup.com\/#website","url":"https:\/\/solargygroup.com\/","name":"Solargy Group","description":"Asesor\u00eda Energ\u00e9tica para empresas","publisher":{"@id":"https:\/\/solargygroup.com\/#organization"},"potentialAction":[{"@type":"SearchAction","target":{"@type":"EntryPoint","urlTemplate":"https:\/\/solargygroup.com\/?s={search_term_string}"},"query-input":"required name=search_term_string"}],"inLanguage":"es"},{"@type":"Organization","@id":"https:\/\/solargygroup.com\/#organization","name":"Solargy Group","url":"https:\/\/solargygroup.com\/","logo":{"@type":"ImageObject","inLanguage":"es","@id":"https:\/\/solargygroup.com\/#\/schema\/logo\/image\/","url":"https:\/\/solargygroup.com\/wp-content\/uploads\/2019\/12\/SOLARGY-CONSULTING_800x174_png.jpg","contentUrl":"https:\/\/solargygroup.com\/wp-content\/uploads\/2019\/12\/SOLARGY-CONSULTING_800x174_png.jpg","width":800,"height":174,"caption":"Solargy Group"},"image":{"@id":"https:\/\/solargygroup.com\/#\/schema\/logo\/image\/"}}]}},"_links":{"self":[{"href":"https:\/\/solargygroup.com\/index.php?rest_route=\/wp\/v2\/pages\/654","targetHints":{"allow":["GET"]}}],"collection":[{"href":"https:\/\/solargygroup.com\/index.php?rest_route=\/wp\/v2\/pages"}],"about":[{"href":"https:\/\/solargygroup.com\/index.php?rest_route=\/wp\/v2\/types\/page"}],"author":[{"embeddable":true,"href":"https:\/\/solargygroup.com\/index.php?rest_route=\/wp\/v2\/users\/1"}],"replies":[{"embeddable":true,"href":"https:\/\/solargygroup.com\/index.php?rest_route=%2Fwp%2Fv2%2Fcomments&post=654"}],"version-history":[{"count":6,"href":"https:\/\/solargygroup.com\/index.php?rest_route=\/wp\/v2\/pages\/654\/revisions"}],"predecessor-version":[{"id":720,"href":"https:\/\/solargygroup.com\/index.php?rest_route=\/wp\/v2\/pages\/654\/revisions\/720"}],"wp:attachment":[{"href":"https:\/\/solargygroup.com\/index.php?rest_route=%2Fwp%2Fv2%2Fmedia&parent=654"}],"curies":[{"name":"wp","href":"https:\/\/api.w.org\/{rel}","templated":true}]}}