{"id":650,"date":"2020-01-08T18:31:24","date_gmt":"2020-01-08T17:31:24","guid":{"rendered":"https:\/\/solargygroup.com\/?page_id=650"},"modified":"2020-05-12T12:25:16","modified_gmt":"2020-05-12T11:25:16","slug":"politica-de-privacidad","status":"publish","type":"page","link":"https:\/\/solargygroup.com\/?page_id=650","title":{"rendered":"Pol\u00edtica de Privacidad"},"content":{"rendered":"\t\t<div data-elementor-type=\"wp-page\" data-elementor-id=\"650\" class=\"elementor elementor-650\">\n\t\t\t\t\t\t<section class=\"elementor-section elementor-top-section elementor-element elementor-element-7894bdf7 elementor-section-boxed elementor-section-height-default elementor-section-height-default\" data-id=\"7894bdf7\" data-element_type=\"section\">\n\t\t\t\t\t\t<div class=\"elementor-container elementor-column-gap-default\">\n\t\t\t\t\t<div class=\"elementor-column elementor-col-100 elementor-top-column elementor-element elementor-element-a64bb54\" data-id=\"a64bb54\" data-element_type=\"column\">\n\t\t\t<div class=\"elementor-widget-wrap elementor-element-populated\">\n\t\t\t\t\t\t<div class=\"elementor-element elementor-element-5b934c76 elementor-widget elementor-widget-text-editor\" data-id=\"5b934c76\" data-element_type=\"widget\" data-widget_type=\"text-editor.default\">\n\t\t\t\t<div class=\"elementor-widget-container\">\n\t\t\t\t\t\t\t\t\t<p><strong>Pol\u00edtica de privacidad<\/strong><\/p><p>Solargy Consulting SL (en adelante \u201cSolargy Group\u201d) desea informarle de manera transparente, a trav\u00e9s de la presente Pol\u00edtica de Privacidad, sobre todos los tratamientos que realizamos con sus datos, las finalidades para las cuales los tratamos y los derechos que como usuario puede ejercer sobre sus datos personales, as\u00ed como el tiempo durante el cual conservaremos sus datos.<\/p><p>Le informamos que al acceder a nuestro Sitio web pasa a tener la condici\u00f3n de Usuario. Como Usuario, declara que dispone de la capacidad legal necesaria para comprender y aceptar en su integridad la Pol\u00edtica de Privacidad. La presente Pol\u00edtica de Privacidad debe leerse conjuntamente con nuestra Pol\u00edtica de Cookies.<\/p><p>Gracias por visitar nuestro sitio web. Esperemos que disfrute conociendo los servicios que \u201cSolargy Group\u201d le ofrece.<\/p><p><strong>1. \u00bfQui\u00e9n es el responsable del tratamiento de sus datos?<\/strong><\/p><p>La presente Pol\u00edtica de privacidad regula el uso del sitio web www.solargygroup.com (en adelante \u00abel Sitio Web\u00bb) del que \u201cSolargy Group\u201d es titular.<\/p><p>El responsable del tratamiento es \u201cSolargy Group\u201d, con domicilio social en Ronda President IrlA, 28 (08302) Matar\u00f3\u00a0 con NIF B67486381.<\/p><p>Los Usuarios aceptan quedar sometidos a los t\u00e9rminos y condiciones recogidos en estos T\u00e9rminos y Condiciones, en la medida que ello les pueda ser de aplicaci\u00f3n.<\/p><p><strong>2. \u00bfQu\u00e9 es un dato y un tratamineto de car\u00e1cter personal?<\/strong><\/p><p>Son aquellos datos que identifiquen o permitan identificar a una persona. Por ejemplo, los datos que pueden identificar a una persona directamente son el nombre y apellidos, mientras que el n\u00famero de D.N.I puede llegar a identificarla de forma indirecta. A t\u00edtulo de ejemplo, los datos de car\u00e1cter personal incluyen informaci\u00f3n como el tel\u00e9fono m\u00f3vil, la direcci\u00f3n de correo electr\u00f3nico, fecha de nacimiento y sexo entre otros. Tambi\u00e9n podr\u00eda incluirse los identificadores num\u00e9ricos como la direcci\u00f3n IP de su ordenador, as\u00ed como la informaci\u00f3n que se obtiene a trav\u00e9s de las cookies.<\/p><p>Un tratamiento de car\u00e1cter personal es toda operaci\u00f3n o conjunto de operaciones que puedan realizarse sobre sus datos personales, como, por ejemplo, la recogida, registro, conservaci\u00f3n, utilizaci\u00f3n y comunicaci\u00f3n de sus datos.<\/p><p><strong>3. \u00bfQue tipo de informaci\u00f3n recopilamos?<\/strong><\/p><p>Para poder realizar los tratamientos de datos especificados en la presente Pol\u00edtica de Privacidad, necesitamos determinada informaci\u00f3n sobre usted. Por ello recopilamos la informaci\u00f3n que nos facilita a trav\u00e9s del canal de interacci\u00f3n que supone el formulario de \u201cContacto\u201d y el formulario de suscripci\u00f3n a nuestro bolet\u00edn.<\/p><p>Los datos personales que recabamos a trav\u00e9s de los anteriores canales son su nombre y su email (obligatorios para poder dejar un comentario y subscribirse al bolet\u00edn). Asimismo podemos recopilar informaci\u00f3n, no personal, sobre su uso del Sitio Web y su navegaci\u00f3n por el mismo (p\u00e1gina web desde la que llega al Sitio Web, capas del mismo visitadas, procesos iniciados y abandonados, direcci\u00f3n IP, tipo de dispositivo desde el que accede, navegador de Internet empleado, tiempo que ha permanecido en el Sitio Web, etc.). Tambi\u00e9n almacenamos un \u201cID de sesi\u00f3n\u201d, de car\u00e1cter t\u00e9cnico, correspondiente a un c\u00f3digo interno que le identifica como usuario.<\/p><p><strong>4. \u00bfA trav\u00e9s de qu\u00e9 v\u00edas captamos sus datos personales?<\/strong><\/p><p>No es necesario que se registre en nuestro Sitio web para poder navegar por www.solargygroup.com. Solo captamos y tratamos informaci\u00f3n personal que usted nos facilita a trav\u00e9s de las siguientes v\u00edas:<\/p><ul><li>Formulario de contacto: en el que nos comunica datos personales para poder enviar una respuesta a su solicitud de contacto.<\/li><\/ul><p><strong>5. \u00bfQu\u00e9 tramiento realizamos con sus datos personales y para qu\u00e9 finalidades?<\/strong><\/p><p>Para poder informarle de forma transparente y con detalle sobre las finalidades para las cuales tratamos sus datos hemos procedido a separar la informaci\u00f3n relativa a cada tratamiento en cuadros independientes. As\u00ed, podr\u00e1s encontrar toda la informaci\u00f3n espec\u00edfica de cada uno de los tratamientos que realizamos de sus datos en su correspondiente cuadro.<\/p><p>Cada cuadro descriptivo de los correspondientes tratamientos recoge la siguiente informaci\u00f3n:<\/p><ol><li>\u00bfPara qu\u00e9 finalidades tratamos sus datos?<br \/>En esta columna explicamos para qu\u00e9 y con qu\u00e9 finalidad tratamos sus datos personales.<\/li><li>\u00bfSobre qu\u00e9 base legal tratamos sus datos?<br \/>Esta columna explica el fundamento legal que nos permite tratar sus datos personales. La normativa de protecci\u00f3n de datos requiere que para el tratamiento de sus datos tengamos una base que legitime dicho tratamiento. As\u00ed, para tratar su informaci\u00f3n personal nos basamos en 4 bases legales dependiendo de la actividad o tratamiento que llevemos a cabo de sus datos. Las bases legales para el tratamiento de sus datos personales pueden ser:<ul><li>Inter\u00e9s leg\u00edtimo: Como empresa, \u201cSolargy Group\u201d tiene un inter\u00e9s leg\u00edtimo en recopilar y tratar sus datos de car\u00e1cter personal con el fin de estudiar y analizar la adecuaci\u00f3n de nuestro Sitio Web. En todo caso, este inter\u00e9s leg\u00edtimo se basa en un an\u00e1lisis sobre el adecuado equilibrio de nuestros intereses en tratar sus datos de car\u00e1cter personal y sus derechos y libertades. El resultado de dicho an\u00e1lisis determinar\u00e1 el que podamos utilizar o no su informaci\u00f3n personal para los tratamientos descritos en la presente Pol\u00edtica de Privacidad (salvo en lo relativo al tratamiento de segmentaci\u00f3n y perfilado para el env\u00edo de comunicaciones comerciales, respecto del cual siempre requerimos su consentimiento expreso).<\/li><li>El cumplimiento de una obligaci\u00f3n legal: \u201cSolargy Group\u201d, como empresa, act\u00faa como responsable de sus datos y es por ello por lo que debemos cumplir con una serie de obligaciones impuestas por normativas de diferentes indoles. En aquellos casos en que la justificaci\u00f3n legal de alguno de nuestros tratamientos sea el cumplimiento de una obligaci\u00f3n legal, su negativa a proporcionarnos aquellos datos personales que resulten legalmente obligatorios implicar\u00e1 la imposibilidad de que puedas hacer uso de la utilidad que los requiera, pues hacerlo conllevar\u00eda un incumplimiento de la normativa a la que estamos sujetos.<\/li><li>Su consentimiento: En el caso de que \u201cSolargy Group\u201d desee realizar alg\u00fan tratamiento de sus datos cuya justificaci\u00f3n legal no pueda basarse en ninguno de los motivos anteriormente explicados, solicitaremos previamente su consentimiento para dicho tratamiento. En todo caso, le informamos, que en tales casos podr\u00e1 retirar su consentimiento en cualquier momento.<\/li><\/ul><\/li><li>\u00bfDurante cu\u00e1nto tiempo conservamos sus datos personales?<br \/>En esta columna se informa de manera orientativa durante cu\u00e1nto tiempo se conservar\u00e1n sus datos. El tiempo de conservaci\u00f3n depender\u00e1 en todo caso del tratamiento que se lleve a cabo sobre su informaci\u00f3n personal. Debe tener en cuenta que determinada normativa de protecci\u00f3n de datos y reguladora de los contratos nos puede obligar a conservar determinados datos de usuarios durante un tiempo determinado.<\/li><li>\u00bfCu\u00e1les son sus derechos?<br \/>Esta columna describe los derechos que puede ejercer sobre sus datos, atendiendo al tratamiento que se realice sobre los mismos. Deber\u00e1 tener en cuenta que dependiendo de la base legal que legitime el tratamiento de sus datos, sus derechos pueden verse limitados. En el apartado siguiente pormenorizamos este aspecto.<\/li><\/ol><p>A continuaci\u00f3n, encontrar\u00e1 descritos con mayor detalle los distintos tratamientos que \u201cSolargy Group\u201d realiza de sus datos personales:<\/p><ol><li>Formulario de contacto.<br \/><table><tbody><tr><td>\u00bfPara qu\u00e9 finalidades tratamos sus datos?<\/td><td>La finalidad de dicho tratamiento es la de poder contactar con usted para responder al contacto que usted ha iniciado desde el Sitio Web.<\/td><\/tr><tr><td>\u00bfSobre qu\u00e9 base legal tratamos sus datos?<\/td><td>La base legal para el tratamiento de sus datos es el consentimiento que nos das al enviar el formulario.<\/td><\/tr><tr><td>\u00bfDurante cu\u00e1nto tiempo conservamos sus datos personales?<\/td><td>Sus datos personales ser\u00e1n conservados por \u201cSolargy Group\u201d mientras no ejerza su derecho de oposici\u00f3n o supresi\u00f3n.<\/td><\/tr><tr><td>\u00bfCu\u00e1les son sus derechos?<\/td><td>Tiene derecho a acceder, rectificar y suprimir sus datos, as\u00ed como otros derechos, como se explica en la informaci\u00f3n adicional.<\/td><\/tr><\/tbody><\/table><\/li><li>An\u00e1lisis de uso, funcionamiento y mejora de la web.<br \/><table><tbody><tr><td>\u00bfPara qu\u00e9 finalidades tratamos sus datos?<\/td><td>Reconocer al usuario cuando vuelve al Sitio Web.<br \/>Facilitar compartir contenidos del Sitio Web a trav\u00e9s de redes sociales y v\u00edas de comunicaci\u00f3n.<br \/>Adecuar el Sitio Web al tipo de dispositivo empleado por el usuario.<br \/>Adecuar el Sitio Web a los criterios de personalizaci\u00f3n elegidos por el usuario y recordarlos.<br \/>Estudiar posibles mejoras del Sitio Web para optimizar la experiencia de usabilidad e implementarlas.<br \/>Mostrar el contenido del Sitio Web correcto y solicitado por el usuario en cada momento.<br \/>Habilitar la posibilidad de compartir contenido del Sitio Web en redes sociales<\/td><\/tr><tr><td>\u00bfSobre qu\u00e9 base legal tratamos sus datos?<\/td><td>Consentimiento del usuario.<\/td><\/tr><tr><td>\u00bfDurante cu\u00e1nto tiempo conservamos sus datos personales?<\/td><td>Conservaremos los datos durante el plazo que cada tipo de cookie necesite.<\/td><\/tr><tr><td>\u00bfCu\u00e1les son sus derechos?<\/td><td>Tiene derecho a no permitir el uso de cookies mediante las opciones de su navegador.<\/td><\/tr><\/tbody><\/table><\/li><\/ol><p><strong>6. \u00bfCu\u00e1les son sus derechos cuando nos facilita sus datos?<\/strong><\/p><p>A continuaci\u00f3n, le facilitamos los derechos que como usuario del sitio web puede ejercitar:<\/p><table><tbody><tr><td>Derechos<\/td><td>\u00bfQu\u00e9 significa?<\/td><\/tr><tr><td>Derecho de acceso<\/td><td>Tiene derecho a que \u201cSolargy Group\u201d le confirme si est\u00e1 tratando o no sus datos personales, y en tal caso, derecho a conocer qu\u00e9 datos trata.<\/td><\/tr><tr><td>Derecho de rectificaci\u00f3n<\/td><td>Consiste en la posibilidad de que pueda modificar aquellos datos que sean inexactos o incompletos, debiendo en la solicitud de rectificaci\u00f3n indicar qu\u00e9 datos desea que se modifiquen.<\/td><\/tr><tr><td>Derecho de oposici\u00f3n<\/td><td>Puede oponerse en cualquier momento a que tratemos sus datos. Tiene derecho a oponerse en cualquier momento, por motivos relacionados con su situaci\u00f3n particular, a que datos personales que le conciernan sean objeto de un tratamiento basado en el inter\u00e9s leg\u00edtimo de la empresa. \u201cSolargy Group\u201d dejar\u00e1 de tratar los datos personales, salvo que acreditemos motivos leg\u00edtimos imperiosos para el tratamiento que prevalezcan sobre sus intereses, derechos y libertades, o para la formulaci\u00f3n, el ejercicio o la defensa de reclamaciones.<\/td><\/tr><tr><td>Derecho de supresi\u00f3n<\/td><td>Este derecho permite la supresi\u00f3n de sus datos personales. Los datos se conservar\u00e1n bloqueados de manera que impida su tratamiento, sin perjuicio de su puesta a disposici\u00f3n de las administraciones p\u00fablicas, jueces y tribunales, para la atenci\u00f3n de posibles responsabilidades que hayan surgido del tratamiento durante su plazo de prescripci\u00f3n.<\/td><\/tr><tr><td>Derecho a la portabilidad de los datos<\/td><td>Tiene derecho a copiar y transferir datos desde nuestra base de datos a otro responsable del tratamiento. Solo es posible ejercer este derecho cuando el tratamiento est\u00e9 basado en la ejecuci\u00f3n de un contrato o en su consentimiento y el tratamiento se realice por medios automatizados.<\/td><\/tr><tr><td>Derecho a la limitaci\u00f3n del tratamiento<\/td><td><p>Este derecho le permite solicitarnos que suspendamos el tratamiento de sus datos cuando:<\/p><ul><li>Impugne la exactitud de los datos, mientras \u201cSolargy Group\u201d verifica dicha exactitud.<\/li><li>Haya ejercido su derecho de oposici\u00f3n al tratamiento de sus datos, mientras se verifica si los motivos leg\u00edtimos de \u201cSolargy Group\u201d prevalecen sobre los suyos como interesado.<\/li><li>Igualmente, este derecho le permite solicitar a \u201cSolargy Group\u201d que conserve sus datos personales cuando:<ul><li>El tratamiento de datos sea il\u00edcito y como interesado se oponga a la supresi\u00f3n de sus datos y solicite en su lugar una limitaci\u00f3n de su uso.<\/li><li>\u201cSolargy Group\u201d ya no necesite sus datos personales para los fines del tratamiento, pero los necesite para la formulaci\u00f3n, ejercicio, o defensa de reclamaciones.<\/li><\/ul><\/li><\/ul><\/td><\/tr><tr><td>\u00bfC\u00f3mo ejercitar estos derechos?<\/td><td>\u00a0<\/td><\/tr><\/tbody><\/table><p><strong>7. \u00bfA qui\u00e9n comunicamos sus datos personales?<\/strong><\/p><p>\u201cSolargy Group\u201d no revela la informaci\u00f3n personal que nos proporcione. No obstante, es posible que podamos comunicar sus datos personales, previo requerimiento legal o base que legitime la comunicaci\u00f3n, a tribunales u organismos de la administraci\u00f3n p\u00fablica.<\/p><p>Otros posibles terceros a los que podemos comunicar sus datos, previo requerimiento legal o base que legitime la comunicaci\u00f3n:<\/p><ul><li>Asesores legales\u2028<\/li><li>Tribunales\u2028<\/li><li>Administraci\u00f3n Tributaria\u2028<\/li><li>Organismos de gobierno y administraci\u00f3n p\u00fablica \u2028<\/li><li>Fuerzas y cuerpos de seguridad.\u2028<\/li><li>Encargados de tratamiento que, para prestar los servicios necesarios deben acceder a cierta informaci\u00f3n y\/o datos personales. Son encargados del tratamiento, por ejemplo, empresas de programaci\u00f3n que nos ayuden a mantener la web. Los datos podr\u00e1n ser cedidos a proveedores con acceso a datos con quienes se formaliza las obligaciones y responsabilidades que asumen en el tratamiento de los datos, en calidad de Encargados de Tratamiento. \u201cSolargy Group\u201d suscribe los correspondientes contratos de encargo de tratamiento que recogen las debidas garant\u00edas en cuanto al tratamiento de los datos de car\u00e1cter personal, la confidencialidad y la cancelaci\u00f3n, destrucci\u00f3n o devoluci\u00f3n.<\/li><\/ul><p><strong>8. \u00bfEst\u00e1n sus datos seguros?<\/strong><\/p><p>Con el fin de asegurar un procesamiento justo y transparente de su informaci\u00f3n personal, adoptaremos los procedimientos adecuados que incluir\u00e1n la implementaci\u00f3n de medidas t\u00e9cnicas y organizativas que tengan en cuenta el posible riesgo y corrijan cualquier imprecisi\u00f3n identificada en los datos personales tratados, de modo que el riesgo de cualquier error se minimice, tratando sus datos de manera justa y segura.<\/p><p>Toda la informaci\u00f3n que nos proporcionas se almacena en servidores seguros. Lamentablemente, la transmisi\u00f3n o comunicaci\u00f3n de informaci\u00f3n a trav\u00e9s de internet no es complemente segura. As\u00ed, una vez hayamos recibido toda su informaci\u00f3n utilizaremos procedimientos estrictos de seguridad para tratar de evitar cualquier acceso no autorizado.<\/p><p>Igualmente, nos aseguramos de que, nuestros proveedores de servicios tambi\u00e9n gozan de est\u00e1ndares de seguridad adecuados para la protecci\u00f3n de los datos de car\u00e1cter personal respecto de los cuales tengan o puedan llegar a tener acceso, en atenci\u00f3n a la legislaci\u00f3n de protecci\u00f3n de datos aplicable.<\/p><p><strong>9. Transferencias internacionales<\/strong><\/p><p>\u201cSolargy Group\u201d no transfiere los datos personales recabados en el Sitio Web fuera del Espacio Econ\u00f3mico Europeo.<\/p><p><strong>10. Cambios en la presente pol\u00edtica de privacidad<\/strong><\/p><p>La presente Pol\u00edtica de Privacidad podr\u00e1 variar con el tiempo debido a los posibles cambios de criterio seguidos por la autoridad de control competente en materia de protecci\u00f3n de datos en cada momento. \u201cSolargy Group\u201d se reserva por tanto el derecho a modificar la presente Pol\u00edtica de Privacidad para poder adaptarla a dichos criterios, as\u00ed como a novedades jurisprudenciales o legislativas.<\/p><p>\u00daltima versi\u00f3n: Enero de 2020.<\/p><p><strong>11. Contacto<\/strong><\/p><p>Si tienes alguna duda acerca de los tratamientos que realizamos sobre sus datos personales, escr\u00edbanos a protecciondatos@solargygroup.com.<\/p>\t\t\t\t\t\t\t\t<\/div>\n\t\t\t\t<\/div>\n\t\t\t\t\t<\/div>\n\t\t<\/div>\n\t\t\t\t\t<\/div>\n\t\t<\/section>\n\t\t\t\t<\/div>\n\t\t","protected":false},"excerpt":{"rendered":"<p>Pol\u00edtica de privacidad Solargy Consulting SL (en adelante \u201cSolargy Group\u201d) desea informarle de manera transparente, a trav\u00e9s de la presente Pol\u00edtica de Privacidad, sobre todos los tratamientos que realizamos con sus datos, las finalidades para las cuales los tratamos y los derechos que como usuario puede ejercer sobre sus datos personales, as\u00ed como el tiempo [&hellip;]<\/p>\n","protected":false},"author":1,"featured_media":0,"parent":0,"menu_order":0,"comment_status":"closed","ping_status":"closed","template":"","meta":{"footnotes":""},"class_list":["post-650","page","type-page","status-publish","hentry"],"yoast_head":"<!-- This site is optimized with the Yoast SEO plugin v20.6 - https:\/\/yoast.com\/wordpress\/plugins\/seo\/ -->\n<title>Pol\u00edtica de Privacidad - Solargy Group<\/title>\n<meta name=\"robots\" content=\"index, follow, max-snippet:-1, max-image-preview:large, max-video-preview:-1\" \/>\n<link rel=\"canonical\" href=\"https:\/\/solargygroup.com\/?page_id=650\" \/>\n<meta property=\"og:locale\" content=\"es_ES\" \/>\n<meta property=\"og:type\" content=\"article\" \/>\n<meta property=\"og:title\" content=\"Pol\u00edtica de Privacidad - Solargy Group\" \/>\n<meta property=\"og:description\" content=\"Pol\u00edtica de privacidad Solargy Consulting SL (en adelante \u201cSolargy Group\u201d) desea informarle de manera transparente, a trav\u00e9s de la presente Pol\u00edtica de Privacidad, sobre todos los tratamientos que realizamos con sus datos, las finalidades para las cuales los tratamos y los derechos que como usuario puede ejercer sobre sus datos personales, as\u00ed como el tiempo [&hellip;]\" \/>\n<meta property=\"og:url\" content=\"https:\/\/solargygroup.com\/?page_id=650\" \/>\n<meta property=\"og:site_name\" content=\"Solargy Group\" \/>\n<meta property=\"article:modified_time\" content=\"2020-05-12T11:25:16+00:00\" \/>\n<meta name=\"twitter:card\" content=\"summary_large_image\" \/>\n<meta name=\"twitter:label1\" content=\"Tiempo de lectura\" \/>\n\t<meta name=\"twitter:data1\" content=\"12 minutos\" \/>\n<script type=\"application\/ld+json\" class=\"yoast-schema-graph\">{\"@context\":\"https:\/\/schema.org\",\"@graph\":[{\"@type\":\"WebPage\",\"@id\":\"https:\/\/solargygroup.com\/?page_id=650\",\"url\":\"https:\/\/solargygroup.com\/?page_id=650\",\"name\":\"Pol\u00edtica de Privacidad - Solargy Group\",\"isPartOf\":{\"@id\":\"https:\/\/solargygroup.com\/#website\"},\"datePublished\":\"2020-01-08T17:31:24+00:00\",\"dateModified\":\"2020-05-12T11:25:16+00:00\",\"breadcrumb\":{\"@id\":\"https:\/\/solargygroup.com\/?page_id=650#breadcrumb\"},\"inLanguage\":\"es\",\"potentialAction\":[{\"@type\":\"ReadAction\",\"target\":[\"https:\/\/solargygroup.com\/?page_id=650\"]}]},{\"@type\":\"BreadcrumbList\",\"@id\":\"https:\/\/solargygroup.com\/?page_id=650#breadcrumb\",\"itemListElement\":[{\"@type\":\"ListItem\",\"position\":1,\"name\":\"Portada\",\"item\":\"https:\/\/solargygroup.com\/\"},{\"@type\":\"ListItem\",\"position\":2,\"name\":\"Pol\u00edtica de Privacidad\"}]},{\"@type\":\"WebSite\",\"@id\":\"https:\/\/solargygroup.com\/#website\",\"url\":\"https:\/\/solargygroup.com\/\",\"name\":\"Solargy Group\",\"description\":\"Asesor\u00eda Energ\u00e9tica para empresas\",\"publisher\":{\"@id\":\"https:\/\/solargygroup.com\/#organization\"},\"potentialAction\":[{\"@type\":\"SearchAction\",\"target\":{\"@type\":\"EntryPoint\",\"urlTemplate\":\"https:\/\/solargygroup.com\/?s={search_term_string}\"},\"query-input\":\"required name=search_term_string\"}],\"inLanguage\":\"es\"},{\"@type\":\"Organization\",\"@id\":\"https:\/\/solargygroup.com\/#organization\",\"name\":\"Solargy Group\",\"url\":\"https:\/\/solargygroup.com\/\",\"logo\":{\"@type\":\"ImageObject\",\"inLanguage\":\"es\",\"@id\":\"https:\/\/solargygroup.com\/#\/schema\/logo\/image\/\",\"url\":\"https:\/\/solargygroup.com\/wp-content\/uploads\/2019\/12\/SOLARGY-CONSULTING_800x174_png.jpg\",\"contentUrl\":\"https:\/\/solargygroup.com\/wp-content\/uploads\/2019\/12\/SOLARGY-CONSULTING_800x174_png.jpg\",\"width\":800,\"height\":174,\"caption\":\"Solargy Group\"},\"image\":{\"@id\":\"https:\/\/solargygroup.com\/#\/schema\/logo\/image\/\"}}]}<\/script>\n<!-- \/ Yoast SEO plugin. -->","yoast_head_json":{"title":"Pol\u00edtica de Privacidad - Solargy Group","robots":{"index":"index","follow":"follow","max-snippet":"max-snippet:-1","max-image-preview":"max-image-preview:large","max-video-preview":"max-video-preview:-1"},"canonical":"https:\/\/solargygroup.com\/?page_id=650","og_locale":"es_ES","og_type":"article","og_title":"Pol\u00edtica de Privacidad - Solargy Group","og_description":"Pol\u00edtica de privacidad Solargy Consulting SL (en adelante \u201cSolargy Group\u201d) desea informarle de manera transparente, a trav\u00e9s de la presente Pol\u00edtica de Privacidad, sobre todos los tratamientos que realizamos con sus datos, las finalidades para las cuales los tratamos y los derechos que como usuario puede ejercer sobre sus datos personales, as\u00ed como el tiempo [&hellip;]","og_url":"https:\/\/solargygroup.com\/?page_id=650","og_site_name":"Solargy Group","article_modified_time":"2020-05-12T11:25:16+00:00","twitter_card":"summary_large_image","twitter_misc":{"Tiempo de lectura":"12 minutos"},"schema":{"@context":"https:\/\/schema.org","@graph":[{"@type":"WebPage","@id":"https:\/\/solargygroup.com\/?page_id=650","url":"https:\/\/solargygroup.com\/?page_id=650","name":"Pol\u00edtica de Privacidad - Solargy Group","isPartOf":{"@id":"https:\/\/solargygroup.com\/#website"},"datePublished":"2020-01-08T17:31:24+00:00","dateModified":"2020-05-12T11:25:16+00:00","breadcrumb":{"@id":"https:\/\/solargygroup.com\/?page_id=650#breadcrumb"},"inLanguage":"es","potentialAction":[{"@type":"ReadAction","target":["https:\/\/solargygroup.com\/?page_id=650"]}]},{"@type":"BreadcrumbList","@id":"https:\/\/solargygroup.com\/?page_id=650#breadcrumb","itemListElement":[{"@type":"ListItem","position":1,"name":"Portada","item":"https:\/\/solargygroup.com\/"},{"@type":"ListItem","position":2,"name":"Pol\u00edtica de Privacidad"}]},{"@type":"WebSite","@id":"https:\/\/solargygroup.com\/#website","url":"https:\/\/solargygroup.com\/","name":"Solargy Group","description":"Asesor\u00eda Energ\u00e9tica para empresas","publisher":{"@id":"https:\/\/solargygroup.com\/#organization"},"potentialAction":[{"@type":"SearchAction","target":{"@type":"EntryPoint","urlTemplate":"https:\/\/solargygroup.com\/?s={search_term_string}"},"query-input":"required name=search_term_string"}],"inLanguage":"es"},{"@type":"Organization","@id":"https:\/\/solargygroup.com\/#organization","name":"Solargy Group","url":"https:\/\/solargygroup.com\/","logo":{"@type":"ImageObject","inLanguage":"es","@id":"https:\/\/solargygroup.com\/#\/schema\/logo\/image\/","url":"https:\/\/solargygroup.com\/wp-content\/uploads\/2019\/12\/SOLARGY-CONSULTING_800x174_png.jpg","contentUrl":"https:\/\/solargygroup.com\/wp-content\/uploads\/2019\/12\/SOLARGY-CONSULTING_800x174_png.jpg","width":800,"height":174,"caption":"Solargy Group"},"image":{"@id":"https:\/\/solargygroup.com\/#\/schema\/logo\/image\/"}}]}},"_links":{"self":[{"href":"https:\/\/solargygroup.com\/index.php?rest_route=\/wp\/v2\/pages\/650","targetHints":{"allow":["GET"]}}],"collection":[{"href":"https:\/\/solargygroup.com\/index.php?rest_route=\/wp\/v2\/pages"}],"about":[{"href":"https:\/\/solargygroup.com\/index.php?rest_route=\/wp\/v2\/types\/page"}],"author":[{"embeddable":true,"href":"https:\/\/solargygroup.com\/index.php?rest_route=\/wp\/v2\/users\/1"}],"replies":[{"embeddable":true,"href":"https:\/\/solargygroup.com\/index.php?rest_route=%2Fwp%2Fv2%2Fcomments&post=650"}],"version-history":[{"count":16,"href":"https:\/\/solargygroup.com\/index.php?rest_route=\/wp\/v2\/pages\/650\/revisions"}],"predecessor-version":[{"id":886,"href":"https:\/\/solargygroup.com\/index.php?rest_route=\/wp\/v2\/pages\/650\/revisions\/886"}],"wp:attachment":[{"href":"https:\/\/solargygroup.com\/index.php?rest_route=%2Fwp%2Fv2%2Fmedia&parent=650"}],"curies":[{"name":"wp","href":"https:\/\/api.w.org\/{rel}","templated":true}]}}