{"id":3,"date":"2019-12-18T14:39:24","date_gmt":"2019-12-18T14:39:24","guid":{"rendered":"https:\/\/solargygroup.com\/?page_id=3"},"modified":"2020-05-12T12:24:51","modified_gmt":"2020-05-12T11:24:51","slug":"aviso-legal","status":"publish","type":"page","link":"https:\/\/solargygroup.com\/?page_id=3","title":{"rendered":"Aviso Legal"},"content":{"rendered":"\t\t<div data-elementor-type=\"wp-page\" data-elementor-id=\"3\" class=\"elementor elementor-3\">\n\t\t\t\t\t\t<section class=\"elementor-section elementor-top-section elementor-element elementor-element-4a454779 elementor-section-boxed elementor-section-height-default elementor-section-height-default\" data-id=\"4a454779\" data-element_type=\"section\">\n\t\t\t\t\t\t<div class=\"elementor-container elementor-column-gap-default\">\n\t\t\t\t\t<div class=\"elementor-column elementor-col-100 elementor-top-column elementor-element elementor-element-4d7573e\" data-id=\"4d7573e\" data-element_type=\"column\">\n\t\t\t<div class=\"elementor-widget-wrap elementor-element-populated\">\n\t\t\t\t\t\t<div class=\"elementor-element elementor-element-40bfd030 elementor-widget elementor-widget-text-editor\" data-id=\"40bfd030\" data-element_type=\"widget\" data-widget_type=\"text-editor.default\">\n\t\t\t\t<div class=\"elementor-widget-container\">\n\t\t\t\t\t\t\t\t\t<div>\n<div>\n<div>\n<div>\n<div>\n<p><strong>Aviso legal<\/strong><\/p>\n<p>Solargy Consulting SL (en adelante \u201csolargygroup.com\u201d) desea informarle de manera transparente, a trav\u00e9s del presente Aviso Legal y su <a href=\"https:\/\/solargygroup.com\/politica-de-privacidad\/\">Pol\u00edtica de Privacidad<\/a>, sobre todos los tratamientos que realizamos con sus datos, las finalidades para las cuales los tratamos y los derechos que como usuario puede ejercer sobre sus datos personales, as\u00ed como el tiempo durante el cual conservaremos sus datos.<\/p>\n<p>Le informamos que al acceder a nuestro Sitio web pasa a tener la condici\u00f3n de Usuario. Como Usuario, declara que dispone de la capacidad legal necesaria para comprender y aceptar en su integridad el Aviso Legal y la Pol\u00edtica de Privacidad, que debe leerse conjuntamente con nuestra <a title=\"Pol\u00edtica de Cookies\" href=\"https:\/\/solargygroup.com\/cookies\/\">Pol\u00edtica de Cookies<\/a>.<\/p>\n<p>Gracias por visitar nuestro sitio web. Esperemos que disfrute conociendo los servicios que solargygroup.com le ofrece.<\/p>\n<p><strong>General<\/strong><\/p>\n<p>El presente sitio Web https:\/\/solargygroup.com es propiedad y est\u00e1 gestionado por Agkam Strategies, SL cuyos datos completos son los siguientes:<\/p>\n<ul>\n<li style=\"list-style-type: none;\">\n<ul>\n<li>Direcci\u00f3n Sede Social: c\/ Ronda President Irla 28 . CP: 08302 (Matar\u00f3)<\/li>\n<li>Direcci\u00f3n Comercial: c\/ Ronda President Irla 28 . CP: 08302 (Matar\u00f3)<\/li>\n<li>C.I.F.: B67486381<\/li>\n<li>Tlf.: 93 394 65 10<\/li>\n<li>E-mail: info@solargygroup.com<\/li>\n<\/ul>\n<\/li>\n<\/ul>\n<p><strong>Objeto<\/strong><\/p>\n<p>La utilizaci\u00f3n de cualquiera de los servicios ofrecidos en el sitio web <a title=\"https:\/\/solargygroup.com\" href=\"https:\/\/solargygroup.com\">https:\/\/solargygroup.com<\/a> le atribuye, desde su comienzo, la condici\u00f3n de usuario y ser\u00e1 considerada aceptaci\u00f3n expresa, voluntaria y sin reservas de estas condiciones legales.<\/p>\n<p>solargygroup.com pone a disposici\u00f3n de los usuarios el presente aviso legal con la finalidad de informar de las condiciones de uso del sitio web, en virtud de los establecido en la Ley 34\/2002, de Servicios de la Sociedad de la Informaci\u00f3n y del Comercio Electr\u00f3nico (LSSI-CE).<\/p>\n<p><a title=\"https:\/\/solargygroup.com\" href=\"https:\/\/solargygroup.com\">https:\/\/solargygroup.com<\/a> es una plataforma que variar\u00e1 con el tiempo, adapt\u00e1ndose a las necesidades de los usuarios y a las nuevas tecnolog\u00edas, debido a ello, solargygroup.comse reserva el derecho a modificar cualquier tipo de informaci\u00f3n que pudiera aparecer en el sitio web, sin que exista obligaci\u00f3n de preavisar o poner en conocimiento del usuario dichas modificaciones, entendi\u00e9ndose como suficiente su publicaci\u00f3n en el propio sitio web.<\/p>\n<p><strong>Duraci\u00f3n y modificaci\u00f3n de las condiciones de uso<\/strong><\/p>\n<p>Las presentes Condiciones de Uso estar\u00e1n vigentes durante el tiempo que est\u00e9n expuestas en la Web, de manera que en cuanto sean modificadas o actualizadas total o parcialmente, las presentes Condiciones de Uso dejar\u00e1n de estar vigentes, siendo las nuevas condiciones de uso las que pasen a regular el uso de la web.<\/p>\n<p><strong>solargygroup.com y el usuario<\/strong><\/p>\n<p>El uso de la Web atribuye a los usuarios de internet la condici\u00f3n de Usuario e implica la aceptaci\u00f3n plena y sin reservas de las presentes Condiciones de Uso.<\/p>\n<p>Al aceptar las presentes Condiciones de Uso el Usuario declara que es mayor de edad y que dispone de la capacidad legal necesaria en Derecho para usar la Web de acuerdo con las presentes Condiciones de Uso, las cuales declara comprender y aceptar \u00edntegramente y sin reservas.<\/p>\n<p>El Usuario es el \u00fanico responsable de facilitar sus datos correctamente en los formularios online disponibles en la Web debiendo prestar especial atenci\u00f3n en cuanto a la introducci\u00f3n de los datos de car\u00e1cter personal, los comentarios que realiza, etc.<\/p>\n<p>De conformidad con nuestra Pol\u00edtica de Privacidad, solargygroup.com se compromete a respetar la confidencialidad de los datos de car\u00e1cter personal de los Usuarios y a utilizarlos de acuerdo con las finalidades establecidas en nuestra Pol\u00edtica de Privacidad, as\u00ed como a dar cumplimiento a su obligaci\u00f3n de guardarlos y adaptar todas las medidas para evitar la alteraci\u00f3n, p\u00e9rdida, tratamiento o acceso no autorizado de acuerdo con lo establecido en la legislaci\u00f3n vigente en materia de protecci\u00f3n de datos de car\u00e1cter personal.<\/p>\n<p>El Usuario se compromete a utilizar los servicios y contenidos en la presente web de conformidad con la Legislaci\u00f3n aplicable, la buena fe y las Condiciones de Uso vigentes en cada momento, debiendo abstenerse de emplearlos para:<\/p>\n<ol>\n<li>Realizar actividades il\u00edcitas, fraudulentas y\/o inc\u00edvicas o que impidan la correcta utilizaci\u00f3n de la p\u00e1gina web, as\u00ed como de la red o sus recursos.<\/li>\n<li>Realizar actividades que constituyan una infracci\u00f3n de la regulaci\u00f3n sobre propiedad intelectual e industrial o cualquier otra norma del ordenamiento jur\u00eddico aplicable.<\/li>\n<li>Reproducir, duplicar, vender o explotar para fines comerciales cualquier contenido del sitio web.<\/li>\n<li>Calumniar o realizar comentarios obscenos o de mal gusto hacia cualquiera de los protagonistas de las memorias del distrito.<\/li>\n<\/ol>\n<p>El acceso a la Web es gratuito salvo en la parte relativa al coste de la conexi\u00f3n a trav\u00e9s de la red de telecomunicaciones suministrada por el proveedor de acceso que haya contratado el Usuario y el coste de cada evento.<\/p>\n<p>El Usuario puede navegar libremente por la Web y acceder a la misma tantas veces como quiera.<\/p>\n<p>En los formularios disponibles en la Web a cumplimentar por el Usuario, solargygroup.com indicar\u00e1 claramente aquellos campos cuya cumplimentaci\u00f3n resulte obligatoria para que puedas identificarlos con facilidad y rellenar correctamente los formularios online. Asimismo, aquellos datos cuya cumplimentaci\u00f3n se haya detectado como defectuosa, incorrecta o incompleta por la Web ser\u00e1n debidamente marcados para que el Usuario pueda introducirlos correctamente.<\/p>\n<p>solargygroup.com no asumir\u00e1 ninguna responsabilidad sobre los Usuarios que incumplan las presentes Condiciones de Uso, la normativa vigente aplicable, sean menores de edad o hayan sido expulsadas anteriormente de la Web.<\/p>\n<p>En todo caso el Usuario deber\u00e1 abstenerse de:<\/p>\n<ol>\n<li>Reproducir, distribuir, comunicar p\u00fablicamente, transformar o modificar la Web o cualquiera de sus contenidos, incluidas las presentes Condiciones de Uso, independientemente del fin de dicho uso, sin autorizaci\u00f3n previa y por escrito de solargygroup.com.<\/li>\n<li>Introducir en la Web o su red programas de datos susceptibles de provocar da\u00f1os en los sistemas inform\u00e1ticos de solargygroup.com sus proveedores o terceros.<\/li>\n<li>Realizar cualquier tipo de actividad il\u00edcita, fraudulenta, contraria a las presentes Condiciones de Uso, la legislaci\u00f3n vigente y\/o la buena fe o que impida y\/o dificulte la correcta utilizaci\u00f3n de la web o sus contenidos.<\/li>\n<li>Insertar en p\u00e1ginas webs, plataformas, foros, chats, blogs o redes sociales ajenas cualquier tipo de enlace o v\u00ednculo que permita vincular o reproducir la Web o los contenidos de la misma con dichas webs, plataformas, foros, chats, blogs o redes sociales ajenas sin que pueda reproducirlo de ninguna forma.<\/li>\n<li>Vincular o reproducir la Web o sus contenidos desde webs, plataformas, foros, chats, blogs o redes sociales ajenas que sean contrarias a la ley, ofensivas o atentatorias contra la dignidad humana, los derechos fundamentales o la propia solargygroup.com y\/o sean susceptibles de ser consideradas como delictivas.<\/li>\n<li>Introducir y\/o difundir en la Web contenidos que atenten contra los derechos humanos y la dignidad de las personas como por ejemplo contenido racista, xen\u00f3fobo, pornogr\u00e1fico o que supongan apolog\u00eda del terrorismo.<\/li>\n<\/ol>\n<div>&nbsp;<\/div>\n<p><strong>Propiedad intelectual e industrial<\/strong><\/p>\n<p>Todos los contenidos, marcas, dise\u00f1os, logos, iconos, botones, software, nombres comerciales, nombres de dominio, y cualesquiera otros signos o elementos susceptibles de protecci\u00f3n por derechos de propiedad intelectual e industrial que formen parte del presente sitio web son propiedad de solargygroup.com o de terceros que han autorizado debidamente su inclusi\u00f3n en el mismo y que figuran como autores o titulares de los derechos.<\/p>\n<p>Los derechos de explotaci\u00f3n del sitio web son titularidad de solargygroup.com y est\u00e1n protegidos por las Leyes de Propiedad Intelectual espa\u00f1olas y por las leyes aplicables del pa\u00eds donde se utilice. La estructura, organizaci\u00f3n y codificaci\u00f3n del sitio web constituyen informaci\u00f3n confidencial de solargygroup.com. As\u00ed, el usuario deber\u00e1, por tanto, tratar la aplicaci\u00f3n inform\u00e1tica web de la misma forma que har\u00eda con cualquier otro material protegido con derechos de propiedad intelectual y no podr\u00e1 copiarlas sin autorizaci\u00f3n expresa y por escrito de sus titulares.<\/p>\n<p>En ning\u00fan caso se entender\u00e1 que se concede licencia alguna o se efect\u00faa renuncia, transmisi\u00f3n, cesi\u00f3n total o parcial de dichos derechos, ni se confiere ning\u00fan derecho, y en especial, de explotaci\u00f3n, reproducci\u00f3n, distribuci\u00f3n, transformaci\u00f3n o comunicaci\u00f3n p\u00fablica sobre dichos contenidos sin la previa autorizaci\u00f3n expresa y por escrito de solargygroup.com o de los terceros correspondientes.<\/p>\n<p>Las marcas deber\u00e1n utilizarse de conformidad con los usos comerciales sobre marcas, incluida la menci\u00f3n del nombre del propietario de la marca.<\/p>\n<p><strong>Enlaces a otros sitios de internet<\/strong><\/p>\n<p>Este sitio web puede contener enlaces o hiperv\u00ednculos que conducen a otras p\u00e1ginas web gestionadas por terceros ajenos a nuestra organizaci\u00f3n. As\u00ed, pues, solargygroup.com no puede garantizar el contenido o las informaciones que se recojan en dichas p\u00e1ginas web mencionadas, ni su veracidad o actualizaci\u00f3n y, en consecuencia, solargygroup.com queda eximida de cualquier responsabilidad por da\u00f1os y perjuicios de todo tipo que puedan derivarse de la utilizaci\u00f3n de p\u00e1ginas web ajenas a <a title=\"https:\/\/solargygroup.com\" href=\"https:\/\/solargygroup.com\">www.solargygroup.com<\/a>.<\/p>\n<\/div>\n<\/div>\n<\/div>\n<\/div>\n<\/div>\t\t\t\t\t\t\t\t<\/div>\n\t\t\t\t<\/div>\n\t\t\t\t\t<\/div>\n\t\t<\/div>\n\t\t\t\t\t<\/div>\n\t\t<\/section>\n\t\t\t\t<\/div>\n\t\t","protected":false},"excerpt":{"rendered":"<p>Aviso legal Solargy Consulting SL (en adelante \u201csolargygroup.com\u201d) desea informarle de manera transparente, a trav\u00e9s del presente Aviso Legal y su Pol\u00edtica de Privacidad, sobre todos los tratamientos que realizamos con sus datos, las finalidades para las cuales los tratamos y los derechos que como usuario puede ejercer sobre sus datos personales, as\u00ed como el [&hellip;]<\/p>\n","protected":false},"author":1,"featured_media":0,"parent":0,"menu_order":0,"comment_status":"closed","ping_status":"open","template":"","meta":{"footnotes":""},"class_list":["post-3","page","type-page","status-publish","hentry"],"yoast_head":"<!-- This site is optimized with the Yoast SEO plugin v20.6 - https:\/\/yoast.com\/wordpress\/plugins\/seo\/ -->\n<title>Aviso Legal - Solargy Group<\/title>\n<meta name=\"robots\" content=\"index, follow, max-snippet:-1, max-image-preview:large, max-video-preview:-1\" \/>\n<link rel=\"canonical\" href=\"https:\/\/solargygroup.com\/?page_id=3\" \/>\n<meta property=\"og:locale\" content=\"es_ES\" \/>\n<meta property=\"og:type\" content=\"article\" \/>\n<meta property=\"og:title\" content=\"Aviso Legal - Solargy Group\" \/>\n<meta property=\"og:description\" content=\"Aviso legal Solargy Consulting SL (en adelante \u201csolargygroup.com\u201d) desea informarle de manera transparente, a trav\u00e9s del presente Aviso Legal y su Pol\u00edtica de Privacidad, sobre todos los tratamientos que realizamos con sus datos, las finalidades para las cuales los tratamos y los derechos que como usuario puede ejercer sobre sus datos personales, as\u00ed como el [&hellip;]\" \/>\n<meta property=\"og:url\" content=\"https:\/\/solargygroup.com\/?page_id=3\" \/>\n<meta property=\"og:site_name\" content=\"Solargy Group\" \/>\n<meta property=\"article:modified_time\" content=\"2020-05-12T11:24:51+00:00\" \/>\n<meta name=\"twitter:card\" content=\"summary_large_image\" \/>\n<meta name=\"twitter:label1\" content=\"Tiempo de lectura\" \/>\n\t<meta name=\"twitter:data1\" content=\"8 minutos\" \/>\n<script type=\"application\/ld+json\" class=\"yoast-schema-graph\">{\"@context\":\"https:\/\/schema.org\",\"@graph\":[{\"@type\":\"WebPage\",\"@id\":\"https:\/\/solargygroup.com\/?page_id=3\",\"url\":\"https:\/\/solargygroup.com\/?page_id=3\",\"name\":\"Aviso Legal - Solargy Group\",\"isPartOf\":{\"@id\":\"https:\/\/solargygroup.com\/#website\"},\"datePublished\":\"2019-12-18T14:39:24+00:00\",\"dateModified\":\"2020-05-12T11:24:51+00:00\",\"breadcrumb\":{\"@id\":\"https:\/\/solargygroup.com\/?page_id=3#breadcrumb\"},\"inLanguage\":\"es\",\"potentialAction\":[{\"@type\":\"ReadAction\",\"target\":[\"https:\/\/solargygroup.com\/?page_id=3\"]}]},{\"@type\":\"BreadcrumbList\",\"@id\":\"https:\/\/solargygroup.com\/?page_id=3#breadcrumb\",\"itemListElement\":[{\"@type\":\"ListItem\",\"position\":1,\"name\":\"Portada\",\"item\":\"https:\/\/solargygroup.com\/\"},{\"@type\":\"ListItem\",\"position\":2,\"name\":\"Aviso Legal\"}]},{\"@type\":\"WebSite\",\"@id\":\"https:\/\/solargygroup.com\/#website\",\"url\":\"https:\/\/solargygroup.com\/\",\"name\":\"Solargy Group\",\"description\":\"Asesor\u00eda Energ\u00e9tica para empresas\",\"publisher\":{\"@id\":\"https:\/\/solargygroup.com\/#organization\"},\"potentialAction\":[{\"@type\":\"SearchAction\",\"target\":{\"@type\":\"EntryPoint\",\"urlTemplate\":\"https:\/\/solargygroup.com\/?s={search_term_string}\"},\"query-input\":\"required name=search_term_string\"}],\"inLanguage\":\"es\"},{\"@type\":\"Organization\",\"@id\":\"https:\/\/solargygroup.com\/#organization\",\"name\":\"Solargy Group\",\"url\":\"https:\/\/solargygroup.com\/\",\"logo\":{\"@type\":\"ImageObject\",\"inLanguage\":\"es\",\"@id\":\"https:\/\/solargygroup.com\/#\/schema\/logo\/image\/\",\"url\":\"https:\/\/solargygroup.com\/wp-content\/uploads\/2019\/12\/SOLARGY-CONSULTING_800x174_png.jpg\",\"contentUrl\":\"https:\/\/solargygroup.com\/wp-content\/uploads\/2019\/12\/SOLARGY-CONSULTING_800x174_png.jpg\",\"width\":800,\"height\":174,\"caption\":\"Solargy Group\"},\"image\":{\"@id\":\"https:\/\/solargygroup.com\/#\/schema\/logo\/image\/\"}}]}<\/script>\n<!-- \/ Yoast SEO plugin. -->","yoast_head_json":{"title":"Aviso Legal - Solargy Group","robots":{"index":"index","follow":"follow","max-snippet":"max-snippet:-1","max-image-preview":"max-image-preview:large","max-video-preview":"max-video-preview:-1"},"canonical":"https:\/\/solargygroup.com\/?page_id=3","og_locale":"es_ES","og_type":"article","og_title":"Aviso Legal - Solargy Group","og_description":"Aviso legal Solargy Consulting SL (en adelante \u201csolargygroup.com\u201d) desea informarle de manera transparente, a trav\u00e9s del presente Aviso Legal y su Pol\u00edtica de Privacidad, sobre todos los tratamientos que realizamos con sus datos, las finalidades para las cuales los tratamos y los derechos que como usuario puede ejercer sobre sus datos personales, as\u00ed como el [&hellip;]","og_url":"https:\/\/solargygroup.com\/?page_id=3","og_site_name":"Solargy Group","article_modified_time":"2020-05-12T11:24:51+00:00","twitter_card":"summary_large_image","twitter_misc":{"Tiempo de lectura":"8 minutos"},"schema":{"@context":"https:\/\/schema.org","@graph":[{"@type":"WebPage","@id":"https:\/\/solargygroup.com\/?page_id=3","url":"https:\/\/solargygroup.com\/?page_id=3","name":"Aviso Legal - Solargy Group","isPartOf":{"@id":"https:\/\/solargygroup.com\/#website"},"datePublished":"2019-12-18T14:39:24+00:00","dateModified":"2020-05-12T11:24:51+00:00","breadcrumb":{"@id":"https:\/\/solargygroup.com\/?page_id=3#breadcrumb"},"inLanguage":"es","potentialAction":[{"@type":"ReadAction","target":["https:\/\/solargygroup.com\/?page_id=3"]}]},{"@type":"BreadcrumbList","@id":"https:\/\/solargygroup.com\/?page_id=3#breadcrumb","itemListElement":[{"@type":"ListItem","position":1,"name":"Portada","item":"https:\/\/solargygroup.com\/"},{"@type":"ListItem","position":2,"name":"Aviso Legal"}]},{"@type":"WebSite","@id":"https:\/\/solargygroup.com\/#website","url":"https:\/\/solargygroup.com\/","name":"Solargy Group","description":"Asesor\u00eda Energ\u00e9tica para empresas","publisher":{"@id":"https:\/\/solargygroup.com\/#organization"},"potentialAction":[{"@type":"SearchAction","target":{"@type":"EntryPoint","urlTemplate":"https:\/\/solargygroup.com\/?s={search_term_string}"},"query-input":"required name=search_term_string"}],"inLanguage":"es"},{"@type":"Organization","@id":"https:\/\/solargygroup.com\/#organization","name":"Solargy Group","url":"https:\/\/solargygroup.com\/","logo":{"@type":"ImageObject","inLanguage":"es","@id":"https:\/\/solargygroup.com\/#\/schema\/logo\/image\/","url":"https:\/\/solargygroup.com\/wp-content\/uploads\/2019\/12\/SOLARGY-CONSULTING_800x174_png.jpg","contentUrl":"https:\/\/solargygroup.com\/wp-content\/uploads\/2019\/12\/SOLARGY-CONSULTING_800x174_png.jpg","width":800,"height":174,"caption":"Solargy Group"},"image":{"@id":"https:\/\/solargygroup.com\/#\/schema\/logo\/image\/"}}]}},"_links":{"self":[{"href":"https:\/\/solargygroup.com\/index.php?rest_route=\/wp\/v2\/pages\/3","targetHints":{"allow":["GET"]}}],"collection":[{"href":"https:\/\/solargygroup.com\/index.php?rest_route=\/wp\/v2\/pages"}],"about":[{"href":"https:\/\/solargygroup.com\/index.php?rest_route=\/wp\/v2\/types\/page"}],"author":[{"embeddable":true,"href":"https:\/\/solargygroup.com\/index.php?rest_route=\/wp\/v2\/users\/1"}],"replies":[{"embeddable":true,"href":"https:\/\/solargygroup.com\/index.php?rest_route=%2Fwp%2Fv2%2Fcomments&post=3"}],"version-history":[{"count":10,"href":"https:\/\/solargygroup.com\/index.php?rest_route=\/wp\/v2\/pages\/3\/revisions"}],"predecessor-version":[{"id":885,"href":"https:\/\/solargygroup.com\/index.php?rest_route=\/wp\/v2\/pages\/3\/revisions\/885"}],"wp:attachment":[{"href":"https:\/\/solargygroup.com\/index.php?rest_route=%2Fwp%2Fv2%2Fmedia&parent=3"}],"curies":[{"name":"wp","href":"https:\/\/api.w.org\/{rel}","templated":true}]}}